{"id":122,"date":"2020-04-19T11:56:59","date_gmt":"2020-04-19T11:56:59","guid":{"rendered":"http:\/\/blumen-bruns.de\/?page_id=122"},"modified":"2020-04-19T13:02:50","modified_gmt":"2020-04-19T13:02:50","slug":"schnittblumen-und-pflanzen","status":"publish","type":"page","link":"https:\/\/blumen-bruns.de\/?page_id=122","title":{"rendered":"Pflanzen"},"content":{"rendered":"\n<p>Ob Sie ein Geschenk zum Einzug, zum Geburtstag suchen oder einfach nur Ihr Zuhause ein wenig gem\u00fctlicher gestalten wollen, bei uns entdecken Sie sicher etwas Passendes.&nbsp;<\/p>\n\n\n\n<p>Au\u00dferdem haben wir passende \u00dcbert\u00f6pfe und Dekorationen f\u00fcr Topfpflanzen.<\/p>\n\n\n\n<p>Im Fr\u00fchling und Sommer finden Sie in unserem Gew\u00e4chshaus auch Balkon- und Gartenpfanzen, mit denen Sie Ihr Heim auch drau\u00dfen versch\u00f6nern k\u00f6nnen.&nbsp;<\/p>\n\n\n\n<p>Sollte Ihnen die Zeit fehlen, um Balkonk\u00e4sten zu bepflanzen, d\u00fcrfen Sie Ihre K\u00e4sten auch gerne bei uns vorbeibringen und wir bepflanzen diese dann nach Ihren W\u00fcnschen.<\/p>\n\n\n\n<p>Damit sich Ihre Topf-, Balkon- und Gartenpflanzen wohlf\u00fchlen, f\u00fchren wir in unserem Sortiment auch D\u00fcnger und Pflanzeerde.<\/p>\n\n\n\n<figure class=\"wp-block-image size-large\"><img loading=\"lazy\" decoding=\"async\" width=\"1024\" height=\"576\" src=\"https:\/\/blumen-bruns.de\/wp-content\/uploads\/2020\/04\/20190505_105930-1024x576.jpg\" alt=\"\" class=\"wp-image-36\" srcset=\"https:\/\/blumen-bruns.de\/wp-content\/uploads\/2020\/04\/20190505_105930-1024x576.jpg 1024w, https:\/\/blumen-bruns.de\/wp-content\/uploads\/2020\/04\/20190505_105930-300x169.jpg 300w, https:\/\/blumen-bruns.de\/wp-content\/uploads\/2020\/04\/20190505_105930-768x432.jpg 768w, https:\/\/blumen-bruns.de\/wp-content\/uploads\/2020\/04\/20190505_105930.jpg 1920w\" sizes=\"auto, (max-width: 1024px) 100vw, 1024px\" \/><\/figure>\n\n\n\n<figure class=\"wp-block-image size-large\"><img loading=\"lazy\" decoding=\"async\" width=\"1024\" height=\"683\" src=\"https:\/\/blumen-bruns.de\/wp-content\/uploads\/2020\/04\/IMG_5563-1024x683.jpg\" alt=\"\" class=\"wp-image-157\" srcset=\"https:\/\/blumen-bruns.de\/wp-content\/uploads\/2020\/04\/IMG_5563-1024x683.jpg 1024w, https:\/\/blumen-bruns.de\/wp-content\/uploads\/2020\/04\/IMG_5563-300x200.jpg 300w, https:\/\/blumen-bruns.de\/wp-content\/uploads\/2020\/04\/IMG_5563-768x512.jpg 768w, https:\/\/blumen-bruns.de\/wp-content\/uploads\/2020\/04\/IMG_5563-1536x1024.jpg 1536w, https:\/\/blumen-bruns.de\/wp-content\/uploads\/2020\/04\/IMG_5563-2048x1365.jpg 2048w\" sizes=\"auto, (max-width: 1024px) 100vw, 1024px\" \/><\/figure>\n\n\n\n<figure class=\"wp-block-image size-large\"><img loading=\"lazy\" decoding=\"async\" width=\"1024\" height=\"263\" src=\"https:\/\/blumen-bruns.de\/wp-content\/uploads\/2020\/04\/20190505_110147-1024x263.jpg\" alt=\"\" class=\"wp-image-7\" srcset=\"https:\/\/blumen-bruns.de\/wp-content\/uploads\/2020\/04\/20190505_110147-1024x263.jpg 1024w, https:\/\/blumen-bruns.de\/wp-content\/uploads\/2020\/04\/20190505_110147-300x77.jpg 300w, https:\/\/blumen-bruns.de\/wp-content\/uploads\/2020\/04\/20190505_110147-768x197.jpg 768w\" sizes=\"auto, (max-width: 1024px) 100vw, 1024px\" \/><\/figure>\n\n\n\n<figure class=\"wp-block-gallery columns-3 is-cropped wp-block-gallery-1 is-layout-flex wp-block-gallery-is-layout-flex\"><ul class=\"blocks-gallery-grid\"><li class=\"blocks-gallery-item\"><figure><img loading=\"lazy\" decoding=\"async\" width=\"1024\" height=\"576\" src=\"https:\/\/blumen-bruns.de\/wp-content\/uploads\/2020\/04\/20190505_105841-1024x576.jpg\" alt=\"\" data-id=\"39\" data-full-url=\"https:\/\/blumen-bruns.de\/wp-content\/uploads\/2020\/04\/20190505_105841.jpg\" data-link=\"https:\/\/blumen-bruns.de\/?attachment_id=39\" class=\"wp-image-39\" srcset=\"https:\/\/blumen-bruns.de\/wp-content\/uploads\/2020\/04\/20190505_105841-1024x576.jpg 1024w, https:\/\/blumen-bruns.de\/wp-content\/uploads\/2020\/04\/20190505_105841-300x169.jpg 300w, https:\/\/blumen-bruns.de\/wp-content\/uploads\/2020\/04\/20190505_105841-768x432.jpg 768w, https:\/\/blumen-bruns.de\/wp-content\/uploads\/2020\/04\/20190505_105841.jpg 1920w\" sizes=\"auto, (max-width: 1024px) 100vw, 1024px\" \/><\/figure><\/li><li class=\"blocks-gallery-item\"><figure><img loading=\"lazy\" decoding=\"async\" width=\"576\" height=\"1024\" src=\"https:\/\/blumen-bruns.de\/wp-content\/uploads\/2020\/04\/20190505_105857-576x1024.jpg\" alt=\"\" data-id=\"38\" data-full-url=\"https:\/\/blumen-bruns.de\/wp-content\/uploads\/2020\/04\/20190505_105857.jpg\" data-link=\"https:\/\/blumen-bruns.de\/?attachment_id=38\" class=\"wp-image-38\" srcset=\"https:\/\/blumen-bruns.de\/wp-content\/uploads\/2020\/04\/20190505_105857-576x1024.jpg 576w, https:\/\/blumen-bruns.de\/wp-content\/uploads\/2020\/04\/20190505_105857-169x300.jpg 169w, https:\/\/blumen-bruns.de\/wp-content\/uploads\/2020\/04\/20190505_105857-768x1365.jpg 768w, https:\/\/blumen-bruns.de\/wp-content\/uploads\/2020\/04\/20190505_105857.jpg 1080w\" sizes=\"auto, (max-width: 576px) 100vw, 576px\" \/><\/figure><\/li><li class=\"blocks-gallery-item\"><figure><img loading=\"lazy\" decoding=\"async\" width=\"1024\" height=\"576\" src=\"https:\/\/blumen-bruns.de\/wp-content\/uploads\/2020\/04\/20190505_105930-1024x576.jpg\" alt=\"\" data-id=\"36\" data-full-url=\"https:\/\/blumen-bruns.de\/wp-content\/uploads\/2020\/04\/20190505_105930.jpg\" data-link=\"https:\/\/blumen-bruns.de\/?attachment_id=36\" class=\"wp-image-36\" srcset=\"https:\/\/blumen-bruns.de\/wp-content\/uploads\/2020\/04\/20190505_105930-1024x576.jpg 1024w, https:\/\/blumen-bruns.de\/wp-content\/uploads\/2020\/04\/20190505_105930-300x169.jpg 300w, https:\/\/blumen-bruns.de\/wp-content\/uploads\/2020\/04\/20190505_105930-768x432.jpg 768w, https:\/\/blumen-bruns.de\/wp-content\/uploads\/2020\/04\/20190505_105930.jpg 1920w\" sizes=\"auto, (max-width: 1024px) 100vw, 1024px\" \/><\/figure><\/li><li class=\"blocks-gallery-item\"><figure><img loading=\"lazy\" decoding=\"async\" width=\"1024\" height=\"576\" src=\"https:\/\/blumen-bruns.de\/wp-content\/uploads\/2020\/04\/20190505_110048-1024x576.jpg\" alt=\"\" data-id=\"34\" data-full-url=\"https:\/\/blumen-bruns.de\/wp-content\/uploads\/2020\/04\/20190505_110048.jpg\" data-link=\"https:\/\/blumen-bruns.de\/?attachment_id=34\" class=\"wp-image-34\" srcset=\"https:\/\/blumen-bruns.de\/wp-content\/uploads\/2020\/04\/20190505_110048-1024x576.jpg 1024w, https:\/\/blumen-bruns.de\/wp-content\/uploads\/2020\/04\/20190505_110048-300x169.jpg 300w, https:\/\/blumen-bruns.de\/wp-content\/uploads\/2020\/04\/20190505_110048-768x432.jpg 768w, https:\/\/blumen-bruns.de\/wp-content\/uploads\/2020\/04\/20190505_110048.jpg 1920w\" sizes=\"auto, (max-width: 1024px) 100vw, 1024px\" \/><\/figure><\/li><li class=\"blocks-gallery-item\"><figure><img loading=\"lazy\" decoding=\"async\" width=\"1024\" height=\"576\" src=\"https:\/\/blumen-bruns.de\/wp-content\/uploads\/2020\/04\/20190505_110058-1024x576.jpg\" alt=\"\" data-id=\"33\" data-full-url=\"https:\/\/blumen-bruns.de\/wp-content\/uploads\/2020\/04\/20190505_110058.jpg\" data-link=\"https:\/\/blumen-bruns.de\/?attachment_id=33\" class=\"wp-image-33\" srcset=\"https:\/\/blumen-bruns.de\/wp-content\/uploads\/2020\/04\/20190505_110058-1024x576.jpg 1024w, https:\/\/blumen-bruns.de\/wp-content\/uploads\/2020\/04\/20190505_110058-300x169.jpg 300w, https:\/\/blumen-bruns.de\/wp-content\/uploads\/2020\/04\/20190505_110058-768x432.jpg 768w, https:\/\/blumen-bruns.de\/wp-content\/uploads\/2020\/04\/20190505_110058.jpg 1920w\" sizes=\"auto, (max-width: 1024px) 100vw, 1024px\" \/><\/figure><\/li><li class=\"blocks-gallery-item\"><figure><img loading=\"lazy\" decoding=\"async\" width=\"1024\" height=\"576\" src=\"https:\/\/blumen-bruns.de\/wp-content\/uploads\/2020\/04\/20190505_110109-1024x576.jpg\" alt=\"\" data-id=\"31\" data-full-url=\"https:\/\/blumen-bruns.de\/wp-content\/uploads\/2020\/04\/20190505_110109.jpg\" data-link=\"https:\/\/blumen-bruns.de\/?attachment_id=31\" class=\"wp-image-31\" srcset=\"https:\/\/blumen-bruns.de\/wp-content\/uploads\/2020\/04\/20190505_110109-1024x576.jpg 1024w, https:\/\/blumen-bruns.de\/wp-content\/uploads\/2020\/04\/20190505_110109-300x169.jpg 300w, https:\/\/blumen-bruns.de\/wp-content\/uploads\/2020\/04\/20190505_110109-768x432.jpg 768w, https:\/\/blumen-bruns.de\/wp-content\/uploads\/2020\/04\/20190505_110109.jpg 1920w\" sizes=\"auto, (max-width: 1024px) 100vw, 1024px\" \/><\/figure><\/li><li class=\"blocks-gallery-item\"><figure><img loading=\"lazy\" decoding=\"async\" width=\"1024\" height=\"576\" src=\"https:\/\/blumen-bruns.de\/wp-content\/uploads\/2020\/04\/20190505_110117-1024x576.jpg\" alt=\"\" data-id=\"30\" data-full-url=\"https:\/\/blumen-bruns.de\/wp-content\/uploads\/2020\/04\/20190505_110117.jpg\" data-link=\"https:\/\/blumen-bruns.de\/?attachment_id=30\" class=\"wp-image-30\" srcset=\"https:\/\/blumen-bruns.de\/wp-content\/uploads\/2020\/04\/20190505_110117-1024x576.jpg 1024w, https:\/\/blumen-bruns.de\/wp-content\/uploads\/2020\/04\/20190505_110117-300x169.jpg 300w, https:\/\/blumen-bruns.de\/wp-content\/uploads\/2020\/04\/20190505_110117-768x432.jpg 768w, https:\/\/blumen-bruns.de\/wp-content\/uploads\/2020\/04\/20190505_110117.jpg 1920w\" sizes=\"auto, (max-width: 1024px) 100vw, 1024px\" \/><\/figure><\/li><li class=\"blocks-gallery-item\"><figure><img loading=\"lazy\" decoding=\"async\" width=\"1024\" height=\"576\" src=\"https:\/\/blumen-bruns.de\/wp-content\/uploads\/2020\/04\/20190505_110131-1024x576.jpg\" alt=\"\" data-id=\"29\" data-full-url=\"https:\/\/blumen-bruns.de\/wp-content\/uploads\/2020\/04\/20190505_110131.jpg\" data-link=\"https:\/\/blumen-bruns.de\/?attachment_id=29\" class=\"wp-image-29\" srcset=\"https:\/\/blumen-bruns.de\/wp-content\/uploads\/2020\/04\/20190505_110131-1024x576.jpg 1024w, https:\/\/blumen-bruns.de\/wp-content\/uploads\/2020\/04\/20190505_110131-300x169.jpg 300w, https:\/\/blumen-bruns.de\/wp-content\/uploads\/2020\/04\/20190505_110131-768x432.jpg 768w, https:\/\/blumen-bruns.de\/wp-content\/uploads\/2020\/04\/20190505_110131.jpg 1920w\" sizes=\"auto, (max-width: 1024px) 100vw, 1024px\" \/><\/figure><\/li><li class=\"blocks-gallery-item\"><figure><img loading=\"lazy\" decoding=\"async\" width=\"1024\" height=\"576\" src=\"https:\/\/blumen-bruns.de\/wp-content\/uploads\/2020\/04\/20190505_110208-1024x576.jpg\" alt=\"\" data-id=\"28\" data-full-url=\"https:\/\/blumen-bruns.de\/wp-content\/uploads\/2020\/04\/20190505_110208.jpg\" data-link=\"https:\/\/blumen-bruns.de\/?attachment_id=28\" class=\"wp-image-28\" srcset=\"https:\/\/blumen-bruns.de\/wp-content\/uploads\/2020\/04\/20190505_110208-1024x576.jpg 1024w, https:\/\/blumen-bruns.de\/wp-content\/uploads\/2020\/04\/20190505_110208-300x169.jpg 300w, https:\/\/blumen-bruns.de\/wp-content\/uploads\/2020\/04\/20190505_110208-768x432.jpg 768w, https:\/\/blumen-bruns.de\/wp-content\/uploads\/2020\/04\/20190505_110208.jpg 1920w\" sizes=\"auto, (max-width: 1024px) 100vw, 1024px\" \/><\/figure><\/li><li class=\"blocks-gallery-item\"><figure><img loading=\"lazy\" decoding=\"async\" width=\"1024\" height=\"576\" src=\"https:\/\/blumen-bruns.de\/wp-content\/uploads\/2020\/04\/20190505_110313-1024x576.jpg\" alt=\"\" data-id=\"27\" data-full-url=\"https:\/\/blumen-bruns.de\/wp-content\/uploads\/2020\/04\/20190505_110313.jpg\" data-link=\"https:\/\/blumen-bruns.de\/?attachment_id=27\" class=\"wp-image-27\" srcset=\"https:\/\/blumen-bruns.de\/wp-content\/uploads\/2020\/04\/20190505_110313-1024x576.jpg 1024w, https:\/\/blumen-bruns.de\/wp-content\/uploads\/2020\/04\/20190505_110313-300x169.jpg 300w, https:\/\/blumen-bruns.de\/wp-content\/uploads\/2020\/04\/20190505_110313-768x432.jpg 768w, https:\/\/blumen-bruns.de\/wp-content\/uploads\/2020\/04\/20190505_110313.jpg 1920w\" sizes=\"auto, (max-width: 1024px) 100vw, 1024px\" \/><\/figure><\/li><li class=\"blocks-gallery-item\"><figure><img loading=\"lazy\" decoding=\"async\" width=\"1024\" height=\"576\" src=\"https:\/\/blumen-bruns.de\/wp-content\/uploads\/2020\/04\/20190505_105816-1024x576.jpg\" alt=\"\" data-id=\"41\" data-full-url=\"https:\/\/blumen-bruns.de\/wp-content\/uploads\/2020\/04\/20190505_105816.jpg\" data-link=\"https:\/\/blumen-bruns.de\/?attachment_id=41\" class=\"wp-image-41\" srcset=\"https:\/\/blumen-bruns.de\/wp-content\/uploads\/2020\/04\/20190505_105816-1024x576.jpg 1024w, https:\/\/blumen-bruns.de\/wp-content\/uploads\/2020\/04\/20190505_105816-300x169.jpg 300w, https:\/\/blumen-bruns.de\/wp-content\/uploads\/2020\/04\/20190505_105816-768x432.jpg 768w, https:\/\/blumen-bruns.de\/wp-content\/uploads\/2020\/04\/20190505_105816.jpg 1920w\" sizes=\"auto, (max-width: 1024px) 100vw, 1024px\" \/><\/figure><\/li><li class=\"blocks-gallery-item\"><figure><img loading=\"lazy\" decoding=\"async\" width=\"1024\" height=\"768\" src=\"https:\/\/blumen-bruns.de\/wp-content\/uploads\/2020\/04\/100_0033-1024x768.jpg\" alt=\"\" data-id=\"130\" data-full-url=\"https:\/\/blumen-bruns.de\/wp-content\/uploads\/2020\/04\/100_0033.jpg\" data-link=\"https:\/\/blumen-bruns.de\/?attachment_id=130\" class=\"wp-image-130\" srcset=\"https:\/\/blumen-bruns.de\/wp-content\/uploads\/2020\/04\/100_0033-1024x768.jpg 1024w, https:\/\/blumen-bruns.de\/wp-content\/uploads\/2020\/04\/100_0033-300x225.jpg 300w, https:\/\/blumen-bruns.de\/wp-content\/uploads\/2020\/04\/100_0033-768x576.jpg 768w, https:\/\/blumen-bruns.de\/wp-content\/uploads\/2020\/04\/100_0033-1536x1152.jpg 1536w, https:\/\/blumen-bruns.de\/wp-content\/uploads\/2020\/04\/100_0033-2048x1536.jpg 2048w\" sizes=\"auto, (max-width: 1024px) 100vw, 1024px\" \/><\/figure><\/li><li class=\"blocks-gallery-item\"><figure><img loading=\"lazy\" decoding=\"async\" width=\"1024\" height=\"768\" src=\"https:\/\/blumen-bruns.de\/wp-content\/uploads\/2020\/04\/100_0029-1024x768.jpg\" alt=\"\" data-id=\"126\" data-full-url=\"https:\/\/blumen-bruns.de\/wp-content\/uploads\/2020\/04\/100_0029.jpg\" data-link=\"https:\/\/blumen-bruns.de\/?attachment_id=126\" class=\"wp-image-126\" srcset=\"https:\/\/blumen-bruns.de\/wp-content\/uploads\/2020\/04\/100_0029-1024x768.jpg 1024w, https:\/\/blumen-bruns.de\/wp-content\/uploads\/2020\/04\/100_0029-300x225.jpg 300w, https:\/\/blumen-bruns.de\/wp-content\/uploads\/2020\/04\/100_0029-768x576.jpg 768w, https:\/\/blumen-bruns.de\/wp-content\/uploads\/2020\/04\/100_0029-1536x1152.jpg 1536w, https:\/\/blumen-bruns.de\/wp-content\/uploads\/2020\/04\/100_0029-2048x1536.jpg 2048w\" sizes=\"auto, (max-width: 1024px) 100vw, 1024px\" \/><\/figure><\/li><\/ul><\/figure>\n\n\n\n<figure class=\"wp-block-image size-large\"><img loading=\"lazy\" decoding=\"async\" width=\"1024\" height=\"174\" src=\"https:\/\/blumen-bruns.de\/wp-content\/uploads\/2020\/04\/20190505_110015k-e1587238399346-1024x174.jpg\" alt=\"\" class=\"wp-image-8\" srcset=\"https:\/\/blumen-bruns.de\/wp-content\/uploads\/2020\/04\/20190505_110015k-e1587238399346-1024x174.jpg 1024w, https:\/\/blumen-bruns.de\/wp-content\/uploads\/2020\/04\/20190505_110015k-e1587238399346-300x51.jpg 300w, https:\/\/blumen-bruns.de\/wp-content\/uploads\/2020\/04\/20190505_110015k-e1587238399346-768x130.jpg 768w, https:\/\/blumen-bruns.de\/wp-content\/uploads\/2020\/04\/20190505_110015k-e1587238399346.jpg 1260w\" sizes=\"auto, (max-width: 1024px) 100vw, 1024px\" \/><\/figure>\n","protected":false},"excerpt":{"rendered":"<p>Ob Sie ein Geschenk zum Einzug, zum Geburtstag suchen oder einfach nur Ihr Zuhause ein wenig gem\u00fctlicher gestalten wollen, bei uns entdecken Sie sicher etwas Passendes.&nbsp; Au\u00dferdem haben wir passende<\/p>\n<p>\n                <span class=\"glyphicon glyphicon-arrow-right\"><a title=\"Continue reading\" href=\"https:\/\/blumen-bruns.de\/?page_id=122\">Continue reading<\/a><\/span><\/p>\n","protected":false},"author":1,"featured_media":0,"parent":0,"menu_order":0,"comment_status":"closed","ping_status":"closed","template":"","meta":{"footnotes":""},"class_list":["post-122","page","type-page","status-publish","hentry"],"_links":{"self":[{"href":"https:\/\/blumen-bruns.de\/index.php?rest_route=\/wp\/v2\/pages\/122","targetHints":{"allow":["GET"]}}],"collection":[{"href":"https:\/\/blumen-bruns.de\/index.php?rest_route=\/wp\/v2\/pages"}],"about":[{"href":"https:\/\/blumen-bruns.de\/index.php?rest_route=\/wp\/v2\/types\/page"}],"author":[{"embeddable":true,"href":"https:\/\/blumen-bruns.de\/index.php?rest_route=\/wp\/v2\/users\/1"}],"replies":[{"embeddable":true,"href":"https:\/\/blumen-bruns.de\/index.php?rest_route=%2Fwp%2Fv2%2Fcomments&post=122"}],"version-history":[{"count":7,"href":"https:\/\/blumen-bruns.de\/index.php?rest_route=\/wp\/v2\/pages\/122\/revisions"}],"predecessor-version":[{"id":200,"href":"https:\/\/blumen-bruns.de\/index.php?rest_route=\/wp\/v2\/pages\/122\/revisions\/200"}],"wp:attachment":[{"href":"https:\/\/blumen-bruns.de\/index.php?rest_route=%2Fwp%2Fv2%2Fmedia&parent=122"}],"curies":[{"name":"wp","href":"https:\/\/api.w.org\/{rel}","templated":true}]}}