{"id":166,"date":"2020-04-19T12:23:33","date_gmt":"2020-04-19T12:23:33","guid":{"rendered":"http:\/\/blumen-bruns.de\/?page_id=166"},"modified":"2020-04-19T12:23:33","modified_gmt":"2020-04-19T12:23:33","slug":"service-und-gutscheine","status":"publish","type":"page","link":"https:\/\/blumen-bruns.de\/?page_id=166","title":{"rendered":"Service und Gutscheine"},"content":{"rendered":"\n<p>Lieferungen und Gutscheine? <\/p>\n\n\n\n<p> K\u00f6nnen wir noch etwas anderes f\u00fcr Sie tun oder haben Sie einen individuellen Wunsch, sprechen Sie uns doch direkt an.<\/p>\n\n\n\n<p>Sollen wir Ihnen Blumenstr\u00e4u\u00dfe oder Gestecke vorbeibringen? Gerne!&nbsp;<\/p>\n\n\n\n<p>Wenn Sie Dekorationen f\u00fcr Trauerfeiern, Hochzeiten, Silberhochzeiten, Geburtstage oder andere Gelegenheiten bestellen, liefern wir diese auch direkt zur Kirche, Friedhofskapelle, ins Restaurant oder zu Ihnen nach Hause. Wenn gew\u00fcnscht, dekorieren wir vorort auch in Absprache mit dem Gasthaus die R\u00e4umlichkeiten.<\/p>\n\n\n\n<figure class=\"wp-block-gallery columns-2 is-cropped wp-block-gallery-1 is-layout-flex wp-block-gallery-is-layout-flex\"><ul class=\"blocks-gallery-grid\"><li class=\"blocks-gallery-item\"><figure><img loading=\"lazy\" decoding=\"async\" width=\"1024\" height=\"683\" src=\"https:\/\/blumen-bruns.de\/wp-content\/uploads\/2020\/04\/IMG_5611-1024x683.jpg\" alt=\"\" data-id=\"162\" data-full-url=\"https:\/\/blumen-bruns.de\/wp-content\/uploads\/2020\/04\/IMG_5611-scaled.jpg\" data-link=\"https:\/\/blumen-bruns.de\/?attachment_id=162\" class=\"wp-image-162\" srcset=\"https:\/\/blumen-bruns.de\/wp-content\/uploads\/2020\/04\/IMG_5611-1024x683.jpg 1024w, https:\/\/blumen-bruns.de\/wp-content\/uploads\/2020\/04\/IMG_5611-300x200.jpg 300w, https:\/\/blumen-bruns.de\/wp-content\/uploads\/2020\/04\/IMG_5611-768x512.jpg 768w, https:\/\/blumen-bruns.de\/wp-content\/uploads\/2020\/04\/IMG_5611-1536x1024.jpg 1536w, https:\/\/blumen-bruns.de\/wp-content\/uploads\/2020\/04\/IMG_5611-2048x1365.jpg 2048w\" sizes=\"auto, (max-width: 1024px) 100vw, 1024px\" \/><\/figure><\/li><li class=\"blocks-gallery-item\"><figure><img loading=\"lazy\" decoding=\"async\" width=\"1024\" height=\"683\" src=\"https:\/\/blumen-bruns.de\/wp-content\/uploads\/2020\/04\/IMG_5612-1024x683.jpg\" alt=\"\" data-id=\"164\" data-full-url=\"https:\/\/blumen-bruns.de\/wp-content\/uploads\/2020\/04\/IMG_5612-scaled.jpg\" data-link=\"https:\/\/blumen-bruns.de\/?attachment_id=164\" class=\"wp-image-164\" srcset=\"https:\/\/blumen-bruns.de\/wp-content\/uploads\/2020\/04\/IMG_5612-1024x683.jpg 1024w, https:\/\/blumen-bruns.de\/wp-content\/uploads\/2020\/04\/IMG_5612-300x200.jpg 300w, https:\/\/blumen-bruns.de\/wp-content\/uploads\/2020\/04\/IMG_5612-768x512.jpg 768w, https:\/\/blumen-bruns.de\/wp-content\/uploads\/2020\/04\/IMG_5612-1536x1024.jpg 1536w, https:\/\/blumen-bruns.de\/wp-content\/uploads\/2020\/04\/IMG_5612-2048x1365.jpg 2048w\" sizes=\"auto, (max-width: 1024px) 100vw, 1024px\" \/><\/figure><\/li><\/ul><\/figure>\n\n\n\n<p>Wenn Sie sich mal nicht ganz sicher sind, liegen Sie mit einem Gutschein richtig. Diese verpacken wir Ihnen dem Anlass entsprechend.<\/p>\n\n\n\n<p>Auf Wunsch schicken wir Ihnen Gutscheine auch zu.<\/p>\n\n\n\n<p>F\u00fcr einen Gutschein k\u00f6nnen Sie sich bei uns im Laden ein Geschenk aussuchen: Blumen, Pflanzen, Vasen, \u00dcbert\u00f6pfe, Dekoartikel oder frisch gebundene Str\u00e4u\u00dfe.<\/p>\n","protected":false},"excerpt":{"rendered":"<p>Lieferungen und Gutscheine? K\u00f6nnen wir noch etwas anderes f\u00fcr Sie tun oder haben Sie einen individuellen Wunsch, sprechen Sie uns doch direkt an. Sollen wir Ihnen Blumenstr\u00e4u\u00dfe oder Gestecke vorbeibringen?<\/p>\n<p>\n                <span class=\"glyphicon glyphicon-arrow-right\"><a title=\"Continue reading\" href=\"https:\/\/blumen-bruns.de\/?page_id=166\">Continue reading<\/a><\/span><\/p>\n","protected":false},"author":1,"featured_media":0,"parent":0,"menu_order":0,"comment_status":"closed","ping_status":"closed","template":"","meta":{"footnotes":""},"class_list":["post-166","page","type-page","status-publish","hentry"],"_links":{"self":[{"href":"https:\/\/blumen-bruns.de\/index.php?rest_route=\/wp\/v2\/pages\/166","targetHints":{"allow":["GET"]}}],"collection":[{"href":"https:\/\/blumen-bruns.de\/index.php?rest_route=\/wp\/v2\/pages"}],"about":[{"href":"https:\/\/blumen-bruns.de\/index.php?rest_route=\/wp\/v2\/types\/page"}],"author":[{"embeddable":true,"href":"https:\/\/blumen-bruns.de\/index.php?rest_route=\/wp\/v2\/users\/1"}],"replies":[{"embeddable":true,"href":"https:\/\/blumen-bruns.de\/index.php?rest_route=%2Fwp%2Fv2%2Fcomments&post=166"}],"version-history":[{"count":1,"href":"https:\/\/blumen-bruns.de\/index.php?rest_route=\/wp\/v2\/pages\/166\/revisions"}],"predecessor-version":[{"id":170,"href":"https:\/\/blumen-bruns.de\/index.php?rest_route=\/wp\/v2\/pages\/166\/revisions\/170"}],"wp:attachment":[{"href":"https:\/\/blumen-bruns.de\/index.php?rest_route=%2Fwp%2Fv2%2Fmedia&parent=166"}],"curies":[{"name":"wp","href":"https:\/\/api.w.org\/{rel}","templated":true}]}}