{"id":76,"date":"2020-04-18T19:52:52","date_gmt":"2020-04-18T19:52:52","guid":{"rendered":"http:\/\/blumen-bruns.de\/?page_id=76"},"modified":"2020-04-19T12:28:39","modified_gmt":"2020-04-19T12:28:39","slug":"straeusse","status":"publish","type":"page","link":"https:\/\/blumen-bruns.de\/?page_id=76","title":{"rendered":"Str\u00e4usse und Schnittblumen"},"content":{"rendered":"\n<p>W\u00e4hlen Sie aus einem gro\u00dfen Angebot gebundener Str\u00e4u\u00dfe oder stellen Sie sich Ihren Lieblingsstrau\u00df zusammen. Unsere Floristinnen helfen auch bei ausgefallenen Ideen.<\/p>\n\n\n\n<p>Gerne nehmen wir Bestellungen entgegen und liefern&nbsp;Str\u00e4u\u00dfe zu Ihnen nach Hause. Selbstverst\u00e4ndlich k\u00f6nnen Sie auch Blumengr\u00fc\u00dfe bei uns versenden. Wir f\u00fchren ausserdem kleine und gro\u00dfe Karten.<\/p>\n\n\n\n<figure class=\"wp-block-image size-large\"><img loading=\"lazy\" decoding=\"async\" width=\"1024\" height=\"683\" src=\"https:\/\/blumen-bruns.de\/wp-content\/uploads\/2020\/04\/IMG_5616-1024x683.jpg\" alt=\"\" class=\"wp-image-167\" srcset=\"https:\/\/blumen-bruns.de\/wp-content\/uploads\/2020\/04\/IMG_5616-1024x683.jpg 1024w, https:\/\/blumen-bruns.de\/wp-content\/uploads\/2020\/04\/IMG_5616-300x200.jpg 300w, https:\/\/blumen-bruns.de\/wp-content\/uploads\/2020\/04\/IMG_5616-768x512.jpg 768w, https:\/\/blumen-bruns.de\/wp-content\/uploads\/2020\/04\/IMG_5616-1536x1024.jpg 1536w, https:\/\/blumen-bruns.de\/wp-content\/uploads\/2020\/04\/IMG_5616-2048x1365.jpg 2048w\" sizes=\"auto, (max-width: 1024px) 100vw, 1024px\" \/><\/figure>\n\n\n\n<figure class=\"wp-block-image size-large\"><img loading=\"lazy\" decoding=\"async\" width=\"1024\" height=\"683\" src=\"https:\/\/blumen-bruns.de\/wp-content\/uploads\/2020\/04\/IMG_0892k-1024x683.jpg\" alt=\"\" class=\"wp-image-135\" srcset=\"https:\/\/blumen-bruns.de\/wp-content\/uploads\/2020\/04\/IMG_0892k-1024x683.jpg 1024w, https:\/\/blumen-bruns.de\/wp-content\/uploads\/2020\/04\/IMG_0892k-300x200.jpg 300w, https:\/\/blumen-bruns.de\/wp-content\/uploads\/2020\/04\/IMG_0892k-768x512.jpg 768w, https:\/\/blumen-bruns.de\/wp-content\/uploads\/2020\/04\/IMG_0892k-1536x1024.jpg 1536w, https:\/\/blumen-bruns.de\/wp-content\/uploads\/2020\/04\/IMG_0892k.jpg 1980w\" sizes=\"auto, (max-width: 1024px) 100vw, 1024px\" \/><\/figure>\n\n\n\n<figure class=\"wp-block-image size-large\"><img loading=\"lazy\" decoding=\"async\" width=\"1024\" height=\"768\" src=\"https:\/\/blumen-bruns.de\/wp-content\/uploads\/2020\/04\/IMG_3128-1024x768.jpg\" alt=\"\" class=\"wp-image-149\" srcset=\"https:\/\/blumen-bruns.de\/wp-content\/uploads\/2020\/04\/IMG_3128-1024x768.jpg 1024w, https:\/\/blumen-bruns.de\/wp-content\/uploads\/2020\/04\/IMG_3128-300x225.jpg 300w, https:\/\/blumen-bruns.de\/wp-content\/uploads\/2020\/04\/IMG_3128-768x576.jpg 768w, https:\/\/blumen-bruns.de\/wp-content\/uploads\/2020\/04\/IMG_3128-1536x1152.jpg 1536w, https:\/\/blumen-bruns.de\/wp-content\/uploads\/2020\/04\/IMG_3128-2048x1536.jpg 2048w\" sizes=\"auto, (max-width: 1024px) 100vw, 1024px\" \/><\/figure>\n\n\n\n<figure class=\"wp-block-image size-large\"><img loading=\"lazy\" decoding=\"async\" width=\"1024\" height=\"683\" src=\"https:\/\/blumen-bruns.de\/wp-content\/uploads\/2020\/04\/IMG_5617-1024x683.jpg\" alt=\"\" class=\"wp-image-168\" srcset=\"https:\/\/blumen-bruns.de\/wp-content\/uploads\/2020\/04\/IMG_5617-1024x683.jpg 1024w, https:\/\/blumen-bruns.de\/wp-content\/uploads\/2020\/04\/IMG_5617-300x200.jpg 300w, https:\/\/blumen-bruns.de\/wp-content\/uploads\/2020\/04\/IMG_5617-768x512.jpg 768w, https:\/\/blumen-bruns.de\/wp-content\/uploads\/2020\/04\/IMG_5617-1536x1024.jpg 1536w, https:\/\/blumen-bruns.de\/wp-content\/uploads\/2020\/04\/IMG_5617-2048x1365.jpg 2048w\" sizes=\"auto, (max-width: 1024px) 100vw, 1024px\" \/><\/figure>\n\n\n\n<figure class=\"wp-block-image size-large\"><img loading=\"lazy\" decoding=\"async\" width=\"1024\" height=\"768\" src=\"https:\/\/blumen-bruns.de\/wp-content\/uploads\/2020\/04\/IMG_3129-1024x768.jpg\" alt=\"\" class=\"wp-image-150\" srcset=\"https:\/\/blumen-bruns.de\/wp-content\/uploads\/2020\/04\/IMG_3129-1024x768.jpg 1024w, https:\/\/blumen-bruns.de\/wp-content\/uploads\/2020\/04\/IMG_3129-300x225.jpg 300w, https:\/\/blumen-bruns.de\/wp-content\/uploads\/2020\/04\/IMG_3129-768x576.jpg 768w, https:\/\/blumen-bruns.de\/wp-content\/uploads\/2020\/04\/IMG_3129-1536x1152.jpg 1536w, https:\/\/blumen-bruns.de\/wp-content\/uploads\/2020\/04\/IMG_3129-2048x1536.jpg 2048w\" sizes=\"auto, (max-width: 1024px) 100vw, 1024px\" \/><\/figure>\n","protected":false},"excerpt":{"rendered":"<p>W\u00e4hlen Sie aus einem gro\u00dfen Angebot gebundener Str\u00e4u\u00dfe oder stellen Sie sich Ihren Lieblingsstrau\u00df zusammen. Unsere Floristinnen helfen auch bei ausgefallenen Ideen. Gerne nehmen wir Bestellungen entgegen und liefern&nbsp;Str\u00e4u\u00dfe zu<\/p>\n<p>\n                <span class=\"glyphicon glyphicon-arrow-right\"><a title=\"Continue reading\" href=\"https:\/\/blumen-bruns.de\/?page_id=76\">Continue reading<\/a><\/span><\/p>\n","protected":false},"author":1,"featured_media":0,"parent":0,"menu_order":0,"comment_status":"closed","ping_status":"closed","template":"","meta":{"footnotes":""},"class_list":["post-76","page","type-page","status-publish","hentry"],"_links":{"self":[{"href":"https:\/\/blumen-bruns.de\/index.php?rest_route=\/wp\/v2\/pages\/76","targetHints":{"allow":["GET"]}}],"collection":[{"href":"https:\/\/blumen-bruns.de\/index.php?rest_route=\/wp\/v2\/pages"}],"about":[{"href":"https:\/\/blumen-bruns.de\/index.php?rest_route=\/wp\/v2\/types\/page"}],"author":[{"embeddable":true,"href":"https:\/\/blumen-bruns.de\/index.php?rest_route=\/wp\/v2\/users\/1"}],"replies":[{"embeddable":true,"href":"https:\/\/blumen-bruns.de\/index.php?rest_route=%2Fwp%2Fv2%2Fcomments&post=76"}],"version-history":[{"count":6,"href":"https:\/\/blumen-bruns.de\/index.php?rest_route=\/wp\/v2\/pages\/76\/revisions"}],"predecessor-version":[{"id":175,"href":"https:\/\/blumen-bruns.de\/index.php?rest_route=\/wp\/v2\/pages\/76\/revisions\/175"}],"wp:attachment":[{"href":"https:\/\/blumen-bruns.de\/index.php?rest_route=%2Fwp%2Fv2%2Fmedia&parent=76"}],"curies":[{"name":"wp","href":"https:\/\/api.w.org\/{rel}","templated":true}]}}